{"id":161,"date":"2026-01-20T20:55:20","date_gmt":"2026-01-20T23:55:20","guid":{"rendered":"http:\/\/hotelalmenat.com.br\/eventos-corporativos\/?page_id=161"},"modified":"2026-01-20T21:06:20","modified_gmt":"2026-01-21T00:06:20","slug":"politicas-de-privacidade","status":"publish","type":"page","link":"http:\/\/hotelalmenat.com.br\/eventos-corporativos\/politicas-de-privacidade\/","title":{"rendered":"Politicas de privacidade"},"content":{"rendered":"<h2>Teste t\u00edtulo<\/h2>\n<h3>Teste t\u00edtulo<\/h3>\n<h4>Teste t\u00edtulo<\/h4>\n<h5>Teste t\u00edtulo<\/h5>\n<h6>Teste t\u00edtulo<\/h6>\n<p>Lorem ipsum dolor sit amet consectetur adipisicing elit. Alias nihil quisquam consectetur minus architecto natus dolore quas fugit facilis, obcaecati accusantium soluta qui ipsum placeat laudantium porro distinctio sapiente inventore.<\/p>\n<p>Lorem ipsum dolor sit amet consectetur adipisicing elit. Alias nihil quisquam consectetur minus architecto natus dolore quas fugit facilis, obcaecati accusantium soluta qui ipsum placeat laudantium porro distinctio sapiente inventore.<\/p>\n<p>Lorem ipsum dolor sit amet consectetur adipisicing elit. Alias nihil quisquam consectetur minus architecto natus dolore quas fugit facilis, obcaecati accusantium soluta qui ipsum placeat laudantium porro distinctio sapiente inventore.<\/p>\n<p>Lorem ipsum dolor sit amet consectetur adipisicing elit. Alias nihil quisquam consectetur minus architecto natus dolore quas fugit facilis, obcaecati accusantium soluta qui ipsum placeat laudantium porro distinctio sapiente inventore.<\/p>\n<ul>\n<li>Item de lista 1<\/li>\n<li>Item de lista 2<\/li>\n<li>Item de lista 3<\/li>\n<\/ul>\n<ol>\n<li>Item de lista ordenada 1<\/li>\n<li>Item de lista ordenada 2<\/li>\n<li>Item de lista ordenada 3<\/li>\n<\/ol>\n","protected":false},"excerpt":{"rendered":"<p>Teste t\u00edtulo Teste t\u00edtulo Teste t\u00edtulo Teste t\u00edtulo Teste t\u00edtulo Lorem ipsum dolor sit amet consectetur adipisicing elit. Alias nihil quisquam consectetur minus architecto natus dolore quas fugit facilis, obcaecati accusantium soluta qui ipsum placeat laudantium porro distinctio sapiente inventore. Lorem ipsum dolor sit amet consectetur adipisicing elit. Alias nihil quisquam consectetur minus architecto natus [&hellip;]<\/p>\n","protected":false},"author":1,"featured_media":0,"parent":0,"menu_order":0,"comment_status":"closed","ping_status":"closed","template":"","meta":{"_acf_changed":false,"footnotes":""},"class_list":["post-161","page","type-page","status-publish","hentry"],"acf":[],"_links":{"self":[{"href":"http:\/\/hotelalmenat.com.br\/eventos-corporativos\/wp-json\/wp\/v2\/pages\/161","targetHints":{"allow":["GET"]}}],"collection":[{"href":"http:\/\/hotelalmenat.com.br\/eventos-corporativos\/wp-json\/wp\/v2\/pages"}],"about":[{"href":"http:\/\/hotelalmenat.com.br\/eventos-corporativos\/wp-json\/wp\/v2\/types\/page"}],"author":[{"embeddable":true,"href":"http:\/\/hotelalmenat.com.br\/eventos-corporativos\/wp-json\/wp\/v2\/users\/1"}],"replies":[{"embeddable":true,"href":"http:\/\/hotelalmenat.com.br\/eventos-corporativos\/wp-json\/wp\/v2\/comments?post=161"}],"version-history":[{"count":2,"href":"http:\/\/hotelalmenat.com.br\/eventos-corporativos\/wp-json\/wp\/v2\/pages\/161\/revisions"}],"predecessor-version":[{"id":167,"href":"http:\/\/hotelalmenat.com.br\/eventos-corporativos\/wp-json\/wp\/v2\/pages\/161\/revisions\/167"}],"wp:attachment":[{"href":"http:\/\/hotelalmenat.com.br\/eventos-corporativos\/wp-json\/wp\/v2\/media?parent=161"}],"curies":[{"name":"wp","href":"https:\/\/api.w.org\/{rel}","templated":true}]}}